{"id":68,"date":"2023-10-30T20:31:13","date_gmt":"2023-10-30T19:31:13","guid":{"rendered":"http:\/\/localhost\/proyecto1\/wordpress\/?page_id=68"},"modified":"2025-08-18T12:59:01","modified_gmt":"2025-08-18T18:59:01","slug":"licenciatura","status":"publish","type":"page","link":"https:\/\/rubeeengm.com\/?page_id=68","title":{"rendered":"LICENCIATURA"},"content":{"rendered":"\t\t<div data-elementor-type=\"wp-page\" data-elementor-id=\"68\" class=\"elementor elementor-68\" data-elementor-post-type=\"page\">\n\t\t\t\t\t\t\t<div class=\"elementor-element elementor-element-5566377 e-flex e-con-boxed e-con e-parent\" data-id=\"5566377\" data-element_type=\"container\" data-settings=\"{&quot;content_width&quot;:&quot;boxed&quot;}\" data-core-v316-plus=\"true\">\n\t\t\t\t\t<div class=\"e-con-inner\">\n\t\t\t\t<div class=\"elementor-element elementor-element-58231d1 elementor-widget elementor-widget-text-editor\" data-id=\"58231d1\" data-element_type=\"widget\" data-widget_type=\"text-editor.default\">\n\t\t\t\t<div class=\"elementor-widget-container\">\n\t\t\t<style>\/*! elementor - v3.17.0 - 25-10-2023 *\/\n.elementor-widget-text-editor.elementor-drop-cap-view-stacked .elementor-drop-cap{background-color:#69727d;color:#fff}.elementor-widget-text-editor.elementor-drop-cap-view-framed .elementor-drop-cap{color:#69727d;border:3px solid;background-color:transparent}.elementor-widget-text-editor:not(.elementor-drop-cap-view-default) .elementor-drop-cap{margin-top:8px}.elementor-widget-text-editor:not(.elementor-drop-cap-view-default) .elementor-drop-cap-letter{width:1em;height:1em}.elementor-widget-text-editor .elementor-drop-cap{float:left;text-align:center;line-height:1;font-size:50px}.elementor-widget-text-editor .elementor-drop-cap-letter{display:inline-block}<\/style>\t\t\t\t<h1 style=\"text-align: center;\">LICENCIATURA<\/h1>\n<p style=\"text-align: left;\">REQUISITOS:<\/p>\n<ul>\n<li>Original y 3 copias:<\/li>\n<li>Acta de nacimiento (con fecha de expedici\u00f3n no mayor a 4 meses)<\/li>\n<li>C.U.R.P. (actualizado)<\/li>\n<li>Comprobante de domicilio<\/li>\n<li>&nbsp;INE<\/li>\n<\/ul>\n<p>En caso del perfil de Licenciatura en Ingenier\u00eda Industrial, al ser perfil regulado, deber\u00e1 presentar documento oficial que acredite contar con el 50% de cr\u00e9ditos acad\u00e9micos.<br>En caso de las licenciaturas en educaci\u00f3n, deben m\u00ednimo de experiencia comprobable 3 ciclos escolares completos. (para Licenciaturas en educaci\u00f3n)<\/p>\n<h1 style=\"text-align: center;\">OFERTA&nbsp; ACADEMICA<\/h1>\n<ul>\n<li style=\"text-align: left;\">GESTI\u00d3N Y ADMINISTRACI\u00d3N P\u00daBLICA<\/li>\n<li style=\"text-align: left;\">INGENIER\u00cdA INDUSTRIAL<\/li>\n<li style=\"text-align: left;\">CIENCIAS DE LA EDUCACI\u00d3N<\/li>\n<li style=\"text-align: left;\">EDUCACI\u00d3N PREESCOLAR<\/li>\n<li style=\"text-align: left;\">EDUCACI\u00d3N PRIMARIA<\/li>\n<\/ul>\n<h1 style=\"text-align: center;\">COSTO DEL EXAMEN GENERAL<\/h1>\n<div>&nbsp;<\/div>\n<ul>\n<li style=\"list-style-type: none;\">\n<ul>\n<li style=\"list-style-type: none;\">\n<ul>\n<li style=\"list-style-type: none;\">\n<ul>A continuaci\u00f3n se muestran los costos del proceso del Examen General de Acreditaci\u00f3n.<\/ul>\n<\/li>\n<\/ul>\n<\/li>\n<\/ul>\n<\/li>\n<\/ul>\n<h3>Costos<\/h3>\n<ul>\n<li style=\"list-style-type: none;\">\n<ul>\n<li style=\"list-style-type: none;\">\n<ul>\n<li style=\"list-style-type: none;\">\n<ul>\n<li style=\"list-style-type: none;\">\n<ul>\n<li>Examen Te\u00f3rico $3,500<\/li>\n<li>Examen Pr\u00e1ctico $21,000<\/li>\n<li>Examen Completo $24,500<\/li>\n<\/ul>\n<\/li>\n<\/ul>\n<\/li>\n<\/ul>\n<\/li>\n<\/ul>\n<\/li>\n<\/ul>\n<p>*Los presentes ya incluyen IVA en todos los casos.<\/p>\n<ul>\n<li style=\"list-style-type: none;\">\n<ul>\n<li style=\"list-style-type: none;\">\n<ul>\n<li style=\"list-style-type: none;\">\n<ul>\n<li style=\"list-style-type: none;\">\n<ul>Estos costos cubren los procesos de inscripci\u00f3n al examen general de acreditaci\u00f3n, el derecho a la presentaci\u00f3n del examen te\u00f3rico y aplicaci\u00f3n del examen oral. La Instituci\u00f3n Evaluadora debe entregar como resultado los reportes de calificaciones obtenidas en ambos procesos.<\/ul>\n<\/li>\n<\/ul>\n<\/li>\n<\/ul>\n<\/li>\n<\/ul>\n<\/li>\n<\/ul>\n<p>Estos costos NO cubren los pagos de derechos para la obtenci\u00f3n del T\u00edtulo Profesional ante la SEP.<\/p>\n<ul>\n<li style=\"list-style-type: none;\">\n<ul>\n<li style=\"list-style-type: none;\">\n<ul>La Instituci\u00f3n Evaluadora, asignar\u00e1 las sedes que convenientemente acomoden al usuario en raz\u00f3n de su ubicaci\u00f3n f\u00edsica, con el fin de evitar el pago de traslados y gastos de viaje, reduciendo con ello los costos de inversi\u00f3n.<\/ul>\n<\/li>\n<li style=\"list-style-type: none;\">\n<ul>Estos costos estar\u00e1n vigentes hasta el 31 de diciembre de 2025.<\/ul>\n<\/li>\n<\/ul>\n<\/li>\n<\/ul>\t\t\t\t\t\t<\/div>\n\t\t\t\t<\/div>\n\t\t\t\t\t<\/div>\n\t\t\t\t<\/div>\n\t\t<div class=\"elementor-element elementor-element-ed9afb2 e-flex e-con-boxed e-con e-parent\" data-id=\"ed9afb2\" data-element_type=\"container\" data-settings=\"{&quot;content_width&quot;:&quot;boxed&quot;}\" data-core-v316-plus=\"true\">\n\t\t\t\t\t<div class=\"e-con-inner\">\n\t\t\t\t<div class=\"elementor-element elementor-element-0b7483f elementor-widget elementor-widget-text-editor\" data-id=\"0b7483f\" data-element_type=\"widget\" data-widget_type=\"text-editor.default\">\n\t\t\t\t<div class=\"elementor-widget-container\">\n\t\t\t\t\t\t\t<h4 style=\"text-align: center;\">Calendario de Examen Licenciatura<\/h4>\t\t\t\t\t\t<\/div>\n\t\t\t\t<\/div>\n\t\t\t\t<div class=\"elementor-element elementor-element-b4d225f elementor-align-center elementor-widget elementor-widget-button\" data-id=\"b4d225f\" data-element_type=\"widget\" data-widget_type=\"button.default\">\n\t\t\t\t<div class=\"elementor-widget-container\">\n\t\t\t\t\t<div class=\"elementor-button-wrapper\">\n\t\t\t<a class=\"elementor-button elementor-button-link elementor-size-sm\" href=\"https:\/\/rubeeengm.com\/wp-content\/uploads\/2025\/07\/CALENDARIO-LICENCIATURA-2025.pdf\">\n\t\t\t\t\t\t<span class=\"elementor-button-content-wrapper\">\n\t\t\t\t\t\t<span class=\"elementor-button-text\">Calendario 2025<\/span>\n\t\t<\/span>\n\t\t\t\t\t<\/a>\n\t\t<\/div>\n\t\t\t\t<\/div>\n\t\t\t\t<\/div>\n\t\t\t\t\t<\/div>\n\t\t\t\t<\/div>\n\t\t<div class=\"elementor-element elementor-element-58695e6 e-flex e-con-boxed e-con e-parent\" data-id=\"58695e6\" data-element_type=\"container\" data-settings=\"{&quot;content_width&quot;:&quot;boxed&quot;}\" data-core-v316-plus=\"true\">\n\t\t\t\t\t<div class=\"e-con-inner\">\n\t\t\t\t<div class=\"elementor-element elementor-element-3affbf4 elementor-widget elementor-widget-text-editor\" data-id=\"3affbf4\" data-element_type=\"widget\" data-widget_type=\"text-editor.default\">\n\t\t\t\t<div class=\"elementor-widget-container\">\n\t\t\t\t\t\t\t<h4 style=\"text-align: center;\">Temario y Guia de Estudios de Examen Licenciatura<\/h4>\t\t\t\t\t\t<\/div>\n\t\t\t\t<\/div>\n\t\t\t\t\t<\/div>\n\t\t\t\t<\/div>\n\t\t<div class=\"elementor-element elementor-element-727a856 e-con-full e-flex e-con e-parent\" data-id=\"727a856\" data-element_type=\"container\" data-settings=\"{&quot;content_width&quot;:&quot;full&quot;}\" data-core-v316-plus=\"true\">\n\t\t\t\t<div class=\"elementor-element elementor-element-79fa71a elementor-align-center elementor-widget elementor-widget-button\" data-id=\"79fa71a\" data-element_type=\"widget\" data-widget_type=\"button.default\">\n\t\t\t\t<div class=\"elementor-widget-container\">\n\t\t\t\t\t<div class=\"elementor-button-wrapper\">\n\t\t\t<a class=\"elementor-button elementor-button-link elementor-size-sm\" href=\"https:\/\/rubeeengm.com\/wp-content\/uploads\/2024\/04\/Info-Gral.-Gestion-y-Administracion-Publica.pdf\">\n\t\t\t\t\t\t<span class=\"elementor-button-content-wrapper\">\n\t\t\t\t\t\t<span class=\"elementor-button-text\">Temario Gestion y Admin Publica<\/span>\n\t\t<\/span>\n\t\t\t\t\t<\/a>\n\t\t<\/div>\n\t\t\t\t<\/div>\n\t\t\t\t<\/div>\n\t\t\t\t<div class=\"elementor-element elementor-element-2449273 elementor-align-center elementor-widget elementor-widget-button\" data-id=\"2449273\" data-element_type=\"widget\" data-widget_type=\"button.default\">\n\t\t\t\t<div class=\"elementor-widget-container\">\n\t\t\t\t\t<div class=\"elementor-button-wrapper\">\n\t\t\t<a class=\"elementor-button elementor-button-link elementor-size-sm\" href=\"https:\/\/rubeeengm.com\/wp-content\/uploads\/2024\/04\/Info-Gral.-Ingenieria-Industrial-G.pdf\">\n\t\t\t\t\t\t<span class=\"elementor-button-content-wrapper\">\n\t\t\t\t\t\t<span class=\"elementor-button-text\">Temario Ing Industrial<\/span>\n\t\t<\/span>\n\t\t\t\t\t<\/a>\n\t\t<\/div>\n\t\t\t\t<\/div>\n\t\t\t\t<\/div>\n\t\t\t\t<div class=\"elementor-element elementor-element-7d6438a elementor-align-center elementor-widget elementor-widget-button\" data-id=\"7d6438a\" data-element_type=\"widget\" data-widget_type=\"button.default\">\n\t\t\t\t<div class=\"elementor-widget-container\">\n\t\t\t\t\t<div class=\"elementor-button-wrapper\">\n\t\t\t<a class=\"elementor-button elementor-button-link elementor-size-sm\" href=\"https:\/\/rubeeengm.com\/wp-content\/uploads\/2024\/04\/Info-Gral.-Ciencias-de-la-Educacion.pdf\">\n\t\t\t\t\t\t<span class=\"elementor-button-content-wrapper\">\n\t\t\t\t\t\t<span class=\"elementor-button-text\">Temario Ciencias de La Educaci\u00f3n<\/span>\n\t\t<\/span>\n\t\t\t\t\t<\/a>\n\t\t<\/div>\n\t\t\t\t<\/div>\n\t\t\t\t<\/div>\n\t\t\t\t<div class=\"elementor-element elementor-element-319728d elementor-align-center elementor-widget elementor-widget-button\" data-id=\"319728d\" data-element_type=\"widget\" data-widget_type=\"button.default\">\n\t\t\t\t<div class=\"elementor-widget-container\">\n\t\t\t\t\t<div class=\"elementor-button-wrapper\">\n\t\t\t<a class=\"elementor-button elementor-button-link elementor-size-sm\" href=\"https:\/\/rubeeengm.com\/wp-content\/uploads\/2024\/04\/LIC-EN-EDUC.PREESCOLAR-GENERAL.pdf\">\n\t\t\t\t\t\t<span class=\"elementor-button-content-wrapper\">\n\t\t\t\t\t\t<span class=\"elementor-button-text\">Temario Educaci\u00f3n Preescolar<\/span>\n\t\t<\/span>\n\t\t\t\t\t<\/a>\n\t\t<\/div>\n\t\t\t\t<\/div>\n\t\t\t\t<\/div>\n\t\t\t\t<div class=\"elementor-element elementor-element-195beb6 elementor-align-center elementor-widget elementor-widget-button\" data-id=\"195beb6\" data-element_type=\"widget\" data-widget_type=\"button.default\">\n\t\t\t\t<div class=\"elementor-widget-container\">\n\t\t\t\t\t<div class=\"elementor-button-wrapper\">\n\t\t\t<a class=\"elementor-button elementor-button-link elementor-size-sm\" href=\"https:\/\/rubeeengm.com\/wp-content\/uploads\/2024\/04\/LIC-EN-EDUC.-PRIMARIA-GENERAL.pdf\">\n\t\t\t\t\t\t<span class=\"elementor-button-content-wrapper\">\n\t\t\t\t\t\t<span class=\"elementor-button-text\">Temario Educaci\u00f3n Primaria<\/span>\n\t\t<\/span>\n\t\t\t\t\t<\/a>\n\t\t<\/div>\n\t\t\t\t<\/div>\n\t\t\t\t<\/div>\n\t\t\t\t<\/div>\n\t\t\t\t\t\t\t<\/div>\n\t\t","protected":false},"excerpt":{"rendered":"<p>LICENCIATURA REQUISITOS: Original y 3 copias: Acta de nacimiento (con fecha de expedici\u00f3n no mayor a 4 meses) C.U.R.P. (actualizado) Comprobante de domicilio &nbsp;INE En caso del perfil de Licenciatura en Ingenier\u00eda Industrial, al ser perfil regulado, deber\u00e1 presentar documento oficial que acredite contar con el 50% de cr\u00e9ditos acad\u00e9micos.En caso de las licenciaturas en &hellip;<\/p>\n<p class=\"read-more\"> <a class=\"\" href=\"https:\/\/rubeeengm.com\/?page_id=68\"> <span class=\"screen-reader-text\">LICENCIATURA<\/span> Leer m\u00e1s &raquo;<\/a><\/p>\n","protected":false},"author":1,"featured_media":0,"parent":0,"menu_order":0,"comment_status":"closed","ping_status":"closed","template":"","meta":{"site-sidebar-layout":"default","site-content-layout":"","ast-site-content-layout":"","site-content-style":"default","site-sidebar-style":"default","ast-global-header-display":"","ast-banner-title-visibility":"","ast-main-header-display":"","ast-hfb-above-header-display":"","ast-hfb-below-header-display":"","ast-hfb-mobile-header-display":"","site-post-title":"disabled","ast-breadcrumbs-content":"","ast-featured-img":"","footer-sml-layout":"","theme-transparent-header-meta":"","adv-header-id-meta":"","stick-header-meta":"","header-above-stick-meta":"","header-main-stick-meta":"","header-below-stick-meta":"","astra-migrate-meta-layouts":"","ast-page-background-enabled":"default","ast-page-background-meta":{"desktop":{"background-color":"var(--ast-global-color-4)","background-image":"","background-repeat":"repeat","background-position":"center center","background-size":"auto","background-attachment":"scroll","background-type":"","background-media":"","overlay-type":"","overlay-color":"","overlay-gradient":""},"tablet":{"background-color":"","background-image":"","background-repeat":"repeat","background-position":"center center","background-size":"auto","background-attachment":"scroll","background-type":"","background-media":"","overlay-type":"","overlay-color":"","overlay-gradient":""},"mobile":{"background-color":"","background-image":"","background-repeat":"repeat","background-position":"center center","background-size":"auto","background-attachment":"scroll","background-type":"","background-media":"","overlay-type":"","overlay-color":"","overlay-gradient":""}},"ast-content-background-meta":{"desktop":{"background-color":"var(--ast-global-color-5)","background-image":"","background-repeat":"repeat","background-position":"center center","background-size":"auto","background-attachment":"scroll","background-type":"","background-media":"","overlay-type":"","overlay-color":"","overlay-gradient":""},"tablet":{"background-color":"var(--ast-global-color-5)","background-image":"","background-repeat":"repeat","background-position":"center center","background-size":"auto","background-attachment":"scroll","background-type":"","background-media":"","overlay-type":"","overlay-color":"","overlay-gradient":""},"mobile":{"background-color":"var(--ast-global-color-5)","background-image":"","background-repeat":"repeat","background-position":"center center","background-size":"auto","background-attachment":"scroll","background-type":"","background-media":"","overlay-type":"","overlay-color":"","overlay-gradient":""}},"footnotes":""},"class_list":["post-68","page","type-page","status-publish","hentry"],"_links":{"self":[{"href":"https:\/\/rubeeengm.com\/index.php?rest_route=\/wp\/v2\/pages\/68","targetHints":{"allow":["GET"]}}],"collection":[{"href":"https:\/\/rubeeengm.com\/index.php?rest_route=\/wp\/v2\/pages"}],"about":[{"href":"https:\/\/rubeeengm.com\/index.php?rest_route=\/wp\/v2\/types\/page"}],"author":[{"embeddable":true,"href":"https:\/\/rubeeengm.com\/index.php?rest_route=\/wp\/v2\/users\/1"}],"replies":[{"embeddable":true,"href":"https:\/\/rubeeengm.com\/index.php?rest_route=%2Fwp%2Fv2%2Fcomments&post=68"}],"version-history":[{"count":85,"href":"https:\/\/rubeeengm.com\/index.php?rest_route=\/wp\/v2\/pages\/68\/revisions"}],"predecessor-version":[{"id":796,"href":"https:\/\/rubeeengm.com\/index.php?rest_route=\/wp\/v2\/pages\/68\/revisions\/796"}],"wp:attachment":[{"href":"https:\/\/rubeeengm.com\/index.php?rest_route=%2Fwp%2Fv2%2Fmedia&parent=68"}],"curies":[{"name":"wp","href":"https:\/\/api.w.org\/{rel}","templated":true}]}}